
{"id":5443,"date":"2025-06-23T21:02:44","date_gmt":"2025-06-23T19:02:44","guid":{"rendered":"https:\/\/lauzieres1389.com\/?page_id=5443"},"modified":"2025-06-23T21:04:08","modified_gmt":"2025-06-23T19:04:08","slug":"la-station","status":"publish","type":"page","link":"https:\/\/lauzieres1389.com\/index.php\/la-station\/","title":{"rendered":"La station"},"content":{"rendered":"\n<p><strong><mark style=\"background-color:rgba(0, 0, 0, 0);color:#cf2e2e\" class=\"has-inline-color\">L&rsquo;architecture des Arcs\u2026 un patrimoine<\/mark><\/strong><\/p>\n\n\n\n<p>L&rsquo;architecture des Arcs est un fleuron de l&rsquo;architecture moderne int\u00e9gr\u00e9e au paysage par la forme des immeubles et leur position perpendiculaire \u00e0 la pente, leur habillage bois, les couloirs inclin\u00e9s en pente douce vers la montagne.<\/p>\n\n\n\n<p>Notre immeuble Belles Challes -Lauzi\u00e8res, dont les architectes sont Charlotte Perrriand et Bernard Taillefer, fut parmi les premiers construits (1975 \u2013 1976) aux Arcs 1800. C\u2019est le projet immobilier le plus important des Arcs surnomm\u00e9 \u00ab la Muraille \u00bb : 690 appartements \u2013 3150 lits !<\/p>\n\n\n\n<p>Vous y appr\u00e9cierez, comme l\u2019a souhait\u00e9 Charlotte Perriand, \u00ab la nature, c\u2019est-\u00e0-dire le d\u00e9cor des Arcs, qui rentre \u00e0 l\u2019int\u00e9rieur des appartements \u00bb. Belles Challes -Lauzi\u00e8res illustre bien cette architecture originale et fonctionnelle qui a \u00e9t\u00e9 labellis\u00e9e \u00ab patrimoine du 20\u00e8me si\u00e8cle \u00bb.<\/p>\n\n\n\n<p><\/p>\n\n\n\n<p>LES ARCS ce sont 4 lieux diff\u00e9rents : ARC 2000<br>ARC 1950<br>ARC 1800 le c\u0153ur de la station, compos\u00e9 de 4 villages<br>ARC 1650 (o\u00f9 arrive le funiculaire de Bourg St Maurice)<\/p>\n","protected":false},"excerpt":{"rendered":"<p>L&rsquo;architecture des Arcs\u2026 un patrimoine L&rsquo;architecture des Arcs est un fleuron de l&rsquo;architecture moderne int\u00e9gr\u00e9e au paysage par la forme des immeubles et leur position perpendiculaire \u00e0 la pente, leur habillage bois, les couloirs inclin\u00e9s en pente douce vers la montagne. Notre immeuble Belles Challes -Lauzi\u00e8res, dont les architectes sont Charlotte Perrriand et Bernard Taillefer, [&hellip;]<\/p>\n","protected":false},"author":1,"featured_media":0,"parent":0,"menu_order":0,"comment_status":"closed","ping_status":"closed","template":"","meta":{"footnotes":""},"class_list":["post-5443","page","type-page","status-publish","hentry"],"_links":{"self":[{"href":"https:\/\/lauzieres1389.com\/index.php\/wp-json\/wp\/v2\/pages\/5443","targetHints":{"allow":["GET"]}}],"collection":[{"href":"https:\/\/lauzieres1389.com\/index.php\/wp-json\/wp\/v2\/pages"}],"about":[{"href":"https:\/\/lauzieres1389.com\/index.php\/wp-json\/wp\/v2\/types\/page"}],"author":[{"embeddable":true,"href":"https:\/\/lauzieres1389.com\/index.php\/wp-json\/wp\/v2\/users\/1"}],"replies":[{"embeddable":true,"href":"https:\/\/lauzieres1389.com\/index.php\/wp-json\/wp\/v2\/comments?post=5443"}],"version-history":[{"count":3,"href":"https:\/\/lauzieres1389.com\/index.php\/wp-json\/wp\/v2\/pages\/5443\/revisions"}],"predecessor-version":[{"id":5446,"href":"https:\/\/lauzieres1389.com\/index.php\/wp-json\/wp\/v2\/pages\/5443\/revisions\/5446"}],"wp:attachment":[{"href":"https:\/\/lauzieres1389.com\/index.php\/wp-json\/wp\/v2\/media?parent=5443"}],"curies":[{"name":"wp","href":"https:\/\/api.w.org\/{rel}","templated":true}]}}