
{"id":5447,"date":"2025-06-23T21:06:29","date_gmt":"2025-06-23T19:06:29","guid":{"rendered":"https:\/\/lauzieres1389.com\/?page_id=5447"},"modified":"2025-06-23T21:06:29","modified_gmt":"2025-06-23T19:06:29","slug":"lappartement","status":"publish","type":"page","link":"https:\/\/lauzieres1389.com\/index.php\/lappartement\/","title":{"rendered":"L&rsquo;appartement"},"content":{"rendered":"\n<p>R\u00e9sidence Les Lauzi\u00e8res &#8211; Studio 5 personnes n\u00b0 1389<\/p>\n\n\n\n<p>Situ\u00e9 dans le village du Charvet \u00e0 Arc 1800, le studio Les Lauzi\u00e8res n\u00b0 1389 accueillera jusqu&rsquo;\u00e0 5 personnes.<br>Son am\u00e9nagement fonctionnel et l&#8217;emplacement de la r\u00e9sidence r\u00e9pondront aux attentes de famille en recherche d&rsquo;une location de vacances bien plac\u00e9e, proche de tous les services d&rsquo;Arc 1800. Le studio Les Lauzi\u00e8res n\u00b0 1389: 28m\u00b2, exposition nord avec balcon, pi\u00e8ce de vie avec coin salon (2 banquettes simples servant de couchage), coin repas, cuisine ouverte r\u00e9nov\u00e9e et bien \u00e9quip\u00e9e, salle de bains avec baignoire et wc, 3 couchages dans l&rsquo;entr\u00e9e.<\/p>\n\n\n\n<p>Situ\u00e9 dans le village du Charvet \u00e0 Arc 1800, le studio Les Lauzi\u00e8res n\u00b0 1389 accueillera jusqu&rsquo;\u00e0 5 personnes.<\/p>\n\n\n\n<p>Son am\u00e9nagement fonctionnel et l&#8217;emplacement de la r\u00e9sidence r\u00e9pondront aux attentes de famille en recherche d&rsquo;une location de vacances bien plac\u00e9e, proche de tous les services d&rsquo;Arc 1800.<\/p>\n\n\n\n<p>Le studio Les Lauzi\u00e8res n\u00b0 1389 : 28m\u00b2, exposition nord avec balcon, pi\u00e8ce de vie avec coin salon (2 banquettes simples servant de couchage), coin repas, cuisine ouverte r\u00e9nov\u00e9e et bien \u00e9quip\u00e9e, salle de bains avec baignoire et wc, 3 couchages dans l&rsquo;entr\u00e9e.<\/p>\n\n\n\n<p>Les plus du logement : <\/p>\n\n\n\n<ul class=\"wp-block-list\">\n<li>pied des pistes<\/li>\n\n\n\n<li>centre station<\/li>\n<\/ul>\n\n\n\n<p>Classement (\u00e9toiles) : 2 \u00e9toiles<br>Nombre de pi\u00e8ces : 1<br>Nombre de chambres : 0<br>Occupation max) : 5<br>Superficie (m\u00b2) : 28 m\u00b2<br>Etage (par rapport au sol) : 5<br>Etage (dans l\u2019immeuble) : 5<br>Exposition : Nord-Est<br>Vue : for\u00eat, montagne<br>Balcon ou terrasse : Oui<br>Wi-Fi (h\u00e9bergement ou r\u00e9sidence) : Non<br>T\u00e9l\u00e9vision : Oui<br>Lecteur DVD : Non<br>Equipements cuisine :<br>bouilloire, cafeti\u00e8re \u00e0 filtre, four micro-ondes, mini four \u00e9lectrique, plaque de cuisson vitroc\u00e9ramique ou \u00e0 induction, refrig\u00e9rateur, appareil \u00e0 raclette, grille-pain<br>Lave-vaisselle : Oui<br>1 salle de bains avec baignoire et wc<br>Lave-linge : Non<\/p>\n\n\n\n<p>D\u00e9tail couchages par pi\u00e8ce :<br>S\u00e9jour : 2 lits simples<br>Coin montagne dans l&rsquo;entr\u00e9e : 2 lits superpos\u00e9s (lit haut \u00e0 partir de 6 ans) + 1 lit tiroir<br>Draps fournis : non<br>D\u00e9tail \u00e9quipement literie : lits \u00e9quip\u00e9s de couettes<br>Couchage double (au moins 1) : Non<br>SPA : Non \/ Sauna : Non \/ Hammam : Non \/ Jacuzzi : Non \/ Piscine : Non \/ Salle de fitness : Non<br>Chemin\u00e9e \/ Po\u00eale \u00e0 bois : Non<br>Rangement des skis skis \u00e0 d\u00e9poser dans l&rsquo;entr\u00e9e du logement<br>Casier \u00e0 ski : Oui<br>Animaux accept\u00e9s : Oui<br>H\u00e9bergement non fumeur : Oui<br>Appartement adapt\u00e9 PMR : Non<br>Stationnement : parking ext\u00e9rieur payant (parkings station), parking couvert payant (parkings station)<br>Caution de 500\u20ac \u00e0 r\u00e9gler au propri\u00e9taire avant l&rsquo;arriv\u00e9e (se reporter \u00e0 son contrat)<br>Taxe de s\u00e9jour (\u00e0 partir de 18 ans, sous r\u00e9serve de modification)<br>Services inclus : kit d&rsquo;accueil (produits m\u00e9nagers)<br>Services optionnels payants : location de draps, location de linge de toilette, m\u00e9nage de fin de s\u00e9jour en suppl\u00e9ment sur demande<br>Arriv\u00e9e et remise des cl\u00e9s \u00e0 partir de 15h \u2022 D\u00e9part avant 10h<\/p>\n\n\n\n<p>Informations pour la remise des cl\u00e9s : contacter l&rsquo;accueil pour organiser votre arriv\u00e9e et pour toute arriv\u00e9e au-del\u00e0 de 19h<br>Propri\u00e9taire particulier : Oui<br>Agence Immobili\u00e8re : Non<\/p>\n","protected":false},"excerpt":{"rendered":"<p>R\u00e9sidence Les Lauzi\u00e8res &#8211; Studio 5 personnes n\u00b0 1389 Situ\u00e9 dans le village du Charvet \u00e0 Arc 1800, le studio Les Lauzi\u00e8res n\u00b0 1389 accueillera jusqu&rsquo;\u00e0 5 personnes.Son am\u00e9nagement fonctionnel et l&#8217;emplacement de la r\u00e9sidence r\u00e9pondront aux attentes de famille en recherche d&rsquo;une location de vacances bien plac\u00e9e, proche de tous les services d&rsquo;Arc 1800. [&hellip;]<\/p>\n","protected":false},"author":1,"featured_media":0,"parent":0,"menu_order":0,"comment_status":"closed","ping_status":"closed","template":"","meta":{"footnotes":""},"class_list":["post-5447","page","type-page","status-publish","hentry"],"_links":{"self":[{"href":"https:\/\/lauzieres1389.com\/index.php\/wp-json\/wp\/v2\/pages\/5447","targetHints":{"allow":["GET"]}}],"collection":[{"href":"https:\/\/lauzieres1389.com\/index.php\/wp-json\/wp\/v2\/pages"}],"about":[{"href":"https:\/\/lauzieres1389.com\/index.php\/wp-json\/wp\/v2\/types\/page"}],"author":[{"embeddable":true,"href":"https:\/\/lauzieres1389.com\/index.php\/wp-json\/wp\/v2\/users\/1"}],"replies":[{"embeddable":true,"href":"https:\/\/lauzieres1389.com\/index.php\/wp-json\/wp\/v2\/comments?post=5447"}],"version-history":[{"count":1,"href":"https:\/\/lauzieres1389.com\/index.php\/wp-json\/wp\/v2\/pages\/5447\/revisions"}],"predecessor-version":[{"id":5448,"href":"https:\/\/lauzieres1389.com\/index.php\/wp-json\/wp\/v2\/pages\/5447\/revisions\/5448"}],"wp:attachment":[{"href":"https:\/\/lauzieres1389.com\/index.php\/wp-json\/wp\/v2\/media?parent=5447"}],"curies":[{"name":"wp","href":"https:\/\/api.w.org\/{rel}","templated":true}]}}